{"id":17,"date":"2016-04-13T08:00:19","date_gmt":"2016-04-13T07:00:19","guid":{"rendered":"http:\/\/localhost:8888\/apex\/&le;page_id=17"},"modified":"2021-10-27T15:57:13","modified_gmt":"2021-10-27T13:57:13","slug":"disclaimer","status":"publish","type":"page","link":"https:\/\/www.apexdyna.nl\/nl\/disclaimer","title":{"rendered":"Disclaimer"},"content":{"rendered":"<h2>Nederlands<\/h2>\n<p>Wij hebben de grootst mogelijke zorg besteed aan de inhoud van deze website. Toch is Apex Dynamics BV niet aansprakelijk voor eventuele fouten. Op deze site bevinden zich links naar externe websites. Apex Dynamics BV heeft geen controle over de inhoud van die websites en kan daarvoor niet verantwoordelijk worden gesteld. Het feit dat vanuit deze website naar de inhoud van een derde wordt gelinkt betekend niet noodzakelijk dat Apex Dynamics BV de inhoud van die site geheel of gedeeltelijk onderschrijft.<\/p>\n<h2>English<\/h2>\n<p>Although we have taken the greatest possible care in checking their contents, we cannot be liable for the contents of external links or mistakes on our website. The operators of linked sites have sole responsibility for their content.<\/p>\n<h2>Deutsch<\/h2>\n<p>Trotz sorgf\u00e4ltiger inhaltlicher Kontrolle \u00fcbernehmen wir keine Haftung f\u00fcr die Inhalte externer Links oder Fehler auf unsere Website. F\u00fcr den Inhalt der verlinkten Seiten sind ausschlie\u00dflich deren Betreiber verantwortlich.<\/p>\n","protected":false},"excerpt":{"rendered":"<p>Nederlands Wij hebben de grootst mogelijke zorg besteed aan de inhoud van deze website. Toch is Apex Dynamics BV niet aansprakelijk voor eventuele fouten. Op deze site bevinden zich links naar externe websites. Apex Dynamics BV heeft geen controle over de inhoud van die websites en kan daarvoor niet verantwoordelijk worden gesteld. Het feit dat [&hellip;]<\/p>\n","protected":false},"author":5,"featured_media":0,"parent":0,"menu_order":0,"comment_status":"closed","ping_status":"closed","template":"","meta":{"_acf_changed":false,"footnotes":""},"class_list":["post-17","page","type-page","status-publish","hentry"],"acf":[],"yoast_head":"<!-- This site is optimized with the Yoast SEO plugin v27.4 - https:\/\/yoast.com\/product\/yoast-seo-wordpress\/ -->\n<title>Vrijwaring<\/title>\n<meta name=\"description\" content=\"Wij hebben de grootst mogelijke zorg besteed aan de inhoud van deze website. Toch is Apex Dynamics BV niet aansprakelijk voor eventuele fouten.\" \/>\n<meta name=\"robots\" content=\"index, follow, max-snippet:-1, max-image-preview:large, max-video-preview:-1\" \/>\n<link rel=\"canonical\" href=\"https:\/\/www.apexdyna.nl\/nl\/disclaimer\" \/>\n<meta property=\"og:locale\" content=\"nl_NL\" \/>\n<meta property=\"og:type\" content=\"article\" \/>\n<meta property=\"og:title\" content=\"Vrijwaring\" \/>\n<meta property=\"og:description\" content=\"Wij hebben de grootst mogelijke zorg besteed aan de inhoud van deze website. Toch is Apex Dynamics BV niet aansprakelijk voor eventuele fouten.\" \/>\n<meta property=\"og:url\" content=\"https:\/\/www.apexdyna.nl\/nl\/disclaimer\" \/>\n<meta property=\"og:site_name\" content=\"Apex Dynamics\" \/>\n<meta property=\"article:publisher\" content=\"https:\/\/www.facebook.com\/apexdynamicsbenelux\/\" \/>\n<meta property=\"article:modified_time\" content=\"2021-10-27T13:57:13+00:00\" \/>\n<meta name=\"twitter:card\" content=\"summary_large_image\" \/>\n<meta name=\"twitter:site\" content=\"@apexdynamicsbv\" \/>\n<meta name=\"twitter:label1\" content=\"Geschatte leestijd\" \/>\n\t<meta name=\"twitter:data1\" content=\"1 minuut\" \/>\n<script type=\"application\/ld+json\" class=\"yoast-schema-graph\">{\"@context\":\"https:\\\/\\\/schema.org\",\"@graph\":[{\"@type\":\"WebPage\",\"@id\":\"https:\\\/\\\/www.apexdyna.nl\\\/nl\\\/disclaimer\",\"url\":\"https:\\\/\\\/www.apexdyna.nl\\\/nl\\\/disclaimer\",\"name\":\"Vrijwaring\",\"isPartOf\":{\"@id\":\"https:\\\/\\\/www.apexdyna.nl\\\/nl\\\/#website\"},\"datePublished\":\"2016-04-13T07:00:19+00:00\",\"dateModified\":\"2021-10-27T13:57:13+00:00\",\"description\":\"Wij hebben de grootst mogelijke zorg besteed aan de inhoud van deze website. Toch is Apex Dynamics BV niet aansprakelijk voor eventuele fouten.\",\"breadcrumb\":{\"@id\":\"https:\\\/\\\/www.apexdyna.nl\\\/nl\\\/disclaimer#breadcrumb\"},\"inLanguage\":\"nl-NL\",\"potentialAction\":[{\"@type\":\"ReadAction\",\"target\":[\"https:\\\/\\\/www.apexdyna.nl\\\/nl\\\/disclaimer\"]}]},{\"@type\":\"BreadcrumbList\",\"@id\":\"https:\\\/\\\/www.apexdyna.nl\\\/nl\\\/disclaimer#breadcrumb\",\"itemListElement\":[{\"@type\":\"ListItem\",\"position\":1,\"name\":\"Home\",\"item\":\"https:\\\/\\\/www.apexdyna.nl\\\/nl\"},{\"@type\":\"ListItem\",\"position\":2,\"name\":\"Disclaimer\"}]},{\"@type\":\"WebSite\",\"@id\":\"https:\\\/\\\/www.apexdyna.nl\\\/nl\\\/#website\",\"url\":\"https:\\\/\\\/www.apexdyna.nl\\\/nl\\\/\",\"name\":\"Apex Dynamics\",\"description\":\"\",\"publisher\":{\"@id\":\"https:\\\/\\\/www.apexdyna.nl\\\/nl\\\/#organization\"},\"potentialAction\":[{\"@type\":\"SearchAction\",\"target\":{\"@type\":\"EntryPoint\",\"urlTemplate\":\"https:\\\/\\\/www.apexdyna.nl\\\/nl\\\/?s={search_term_string}\"},\"query-input\":{\"@type\":\"PropertyValueSpecification\",\"valueRequired\":true,\"valueName\":\"search_term_string\"}}],\"inLanguage\":\"nl-NL\"},{\"@type\":\"Organization\",\"@id\":\"https:\\\/\\\/www.apexdyna.nl\\\/nl\\\/#organization\",\"name\":\"Apex Dynamics\",\"url\":\"https:\\\/\\\/www.apexdyna.nl\\\/nl\\\/\",\"logo\":{\"@type\":\"ImageObject\",\"inLanguage\":\"nl-NL\",\"@id\":\"https:\\\/\\\/www.apexdyna.nl\\\/nl\\\/#\\\/schema\\\/logo\\\/image\\\/\",\"url\":\"https:\\\/\\\/www.apexdyna.nl\\\/wp-content\\\/uploads\\\/apex-logo-cmyk-transparant-blue.png\",\"contentUrl\":\"https:\\\/\\\/www.apexdyna.nl\\\/wp-content\\\/uploads\\\/apex-logo-cmyk-transparant-blue.png\",\"width\":600,\"height\":163,\"caption\":\"Apex Dynamics\"},\"image\":{\"@id\":\"https:\\\/\\\/www.apexdyna.nl\\\/nl\\\/#\\\/schema\\\/logo\\\/image\\\/\"},\"sameAs\":[\"https:\\\/\\\/www.facebook.com\\\/apexdynamicsbenelux\\\/\",\"https:\\\/\\\/x.com\\\/apexdynamicsbv\",\"https:\\\/\\\/www.linkedin.com\\\/company\\\/2030042\"]}]}<\/script>\n<!-- \/ Yoast SEO plugin. -->","yoast_head_json":{"title":"Vrijwaring","description":"Wij hebben de grootst mogelijke zorg besteed aan de inhoud van deze website. Toch is Apex Dynamics BV niet aansprakelijk voor eventuele fouten.","robots":{"index":"index","follow":"follow","max-snippet":"max-snippet:-1","max-image-preview":"max-image-preview:large","max-video-preview":"max-video-preview:-1"},"canonical":"https:\/\/www.apexdyna.nl\/nl\/disclaimer","og_locale":"nl_NL","og_type":"article","og_title":"Vrijwaring","og_description":"Wij hebben de grootst mogelijke zorg besteed aan de inhoud van deze website. Toch is Apex Dynamics BV niet aansprakelijk voor eventuele fouten.","og_url":"https:\/\/www.apexdyna.nl\/nl\/disclaimer","og_site_name":"Apex Dynamics","article_publisher":"https:\/\/www.facebook.com\/apexdynamicsbenelux\/","article_modified_time":"2021-10-27T13:57:13+00:00","twitter_card":"summary_large_image","twitter_site":"@apexdynamicsbv","twitter_misc":{"Geschatte leestijd":"1 minuut"},"schema":{"@context":"https:\/\/schema.org","@graph":[{"@type":"WebPage","@id":"https:\/\/www.apexdyna.nl\/nl\/disclaimer","url":"https:\/\/www.apexdyna.nl\/nl\/disclaimer","name":"Vrijwaring","isPartOf":{"@id":"https:\/\/www.apexdyna.nl\/nl\/#website"},"datePublished":"2016-04-13T07:00:19+00:00","dateModified":"2021-10-27T13:57:13+00:00","description":"Wij hebben de grootst mogelijke zorg besteed aan de inhoud van deze website. Toch is Apex Dynamics BV niet aansprakelijk voor eventuele fouten.","breadcrumb":{"@id":"https:\/\/www.apexdyna.nl\/nl\/disclaimer#breadcrumb"},"inLanguage":"nl-NL","potentialAction":[{"@type":"ReadAction","target":["https:\/\/www.apexdyna.nl\/nl\/disclaimer"]}]},{"@type":"BreadcrumbList","@id":"https:\/\/www.apexdyna.nl\/nl\/disclaimer#breadcrumb","itemListElement":[{"@type":"ListItem","position":1,"name":"Home","item":"https:\/\/www.apexdyna.nl\/nl"},{"@type":"ListItem","position":2,"name":"Disclaimer"}]},{"@type":"WebSite","@id":"https:\/\/www.apexdyna.nl\/nl\/#website","url":"https:\/\/www.apexdyna.nl\/nl\/","name":"Apex Dynamics","description":"","publisher":{"@id":"https:\/\/www.apexdyna.nl\/nl\/#organization"},"potentialAction":[{"@type":"SearchAction","target":{"@type":"EntryPoint","urlTemplate":"https:\/\/www.apexdyna.nl\/nl\/?s={search_term_string}"},"query-input":{"@type":"PropertyValueSpecification","valueRequired":true,"valueName":"search_term_string"}}],"inLanguage":"nl-NL"},{"@type":"Organization","@id":"https:\/\/www.apexdyna.nl\/nl\/#organization","name":"Apex Dynamics","url":"https:\/\/www.apexdyna.nl\/nl\/","logo":{"@type":"ImageObject","inLanguage":"nl-NL","@id":"https:\/\/www.apexdyna.nl\/nl\/#\/schema\/logo\/image\/","url":"https:\/\/www.apexdyna.nl\/wp-content\/uploads\/apex-logo-cmyk-transparant-blue.png","contentUrl":"https:\/\/www.apexdyna.nl\/wp-content\/uploads\/apex-logo-cmyk-transparant-blue.png","width":600,"height":163,"caption":"Apex Dynamics"},"image":{"@id":"https:\/\/www.apexdyna.nl\/nl\/#\/schema\/logo\/image\/"},"sameAs":["https:\/\/www.facebook.com\/apexdynamicsbenelux\/","https:\/\/x.com\/apexdynamicsbv","https:\/\/www.linkedin.com\/company\/2030042"]}]}},"_links":{"self":[{"href":"https:\/\/www.apexdyna.nl\/nl\/wp-json\/wp\/v2\/pages\/17","targetHints":{"allow":["GET"]}}],"collection":[{"href":"https:\/\/www.apexdyna.nl\/nl\/wp-json\/wp\/v2\/pages"}],"about":[{"href":"https:\/\/www.apexdyna.nl\/nl\/wp-json\/wp\/v2\/types\/page"}],"author":[{"embeddable":true,"href":"https:\/\/www.apexdyna.nl\/nl\/wp-json\/wp\/v2\/users\/5"}],"replies":[{"embeddable":true,"href":"https:\/\/www.apexdyna.nl\/nl\/wp-json\/wp\/v2\/comments?post=17"}],"version-history":[{"count":0,"href":"https:\/\/www.apexdyna.nl\/nl\/wp-json\/wp\/v2\/pages\/17\/revisions"}],"wp:attachment":[{"href":"https:\/\/www.apexdyna.nl\/nl\/wp-json\/wp\/v2\/media?parent=17"}],"curies":[{"name":"wp","href":"https:\/\/api.w.org\/{rel}","templated":true}]}}